{"id":624,"date":"2022-01-26T12:36:49","date_gmt":"2022-01-26T11:36:49","guid":{"rendered":"http:\/\/accompagnimage.fr\/?page_id=624"},"modified":"2022-08-17T11:57:19","modified_gmt":"2022-08-17T09:57:19","slug":"medico-social","status":"publish","type":"page","link":"http:\/\/accompagnimage.fr\/?page_id=624","title":{"rendered":"M\u00e9dico-social"},"content":{"rendered":"<p>[et_pb_section fb_built=\u00a0\u00bb1&Prime; _builder_version=\u00a0\u00bb4.10.3&Prime; _module_preset=\u00a0\u00bbdefault\u00a0\u00bb min_height=\u00a0\u00bb634.6px\u00a0\u00bb custom_padding=\u00a0\u00bb0px||1px|||\u00a0\u00bb global_colors_info=\u00a0\u00bb{}\u00a0\u00bb][et_pb_row _builder_version=\u00a0\u00bb4.10.6&Prime; _module_preset=\u00a0\u00bbdefault\u00a0\u00bb width=\u00a0\u00bb100%\u00a0\u00bb max_width=\u00a0\u00bb100%\u00a0\u00bb custom_padding=\u00a0\u00bb1px|||||\u00a0\u00bb global_colors_info=\u00a0\u00bb{}\u00a0\u00bb][et_pb_column type=\u00a0\u00bb4_4&Prime; _builder_version=\u00a0\u00bb4.10.3&Prime; _module_preset=\u00a0\u00bbdefault\u00a0\u00bb global_colors_info=\u00a0\u00bb{}\u00a0\u00bb][et_pb_text _builder_version=\u00a0\u00bb4.10.6&Prime; _module_preset=\u00a0\u00bbdefault\u00a0\u00bb text_font=\u00a0\u00bbBaloo 2||||||||\u00a0\u00bb text_text_color=\u00a0\u00bb#000000&Prime; text_font_size=\u00a0\u00bb38px\u00a0\u00bb background_image=\u00a0\u00bbhttp:\/\/accompagnimage.fr\/wp-content\/uploads\/2021\/08\/ImagineACC-scaled.jpg\u00a0\u00bb min_height=\u00a0\u00bb236.8px\u00a0\u00bb custom_margin=\u00a0\u00bb||-6px|||\u00a0\u00bb animation_style=\u00a0\u00bbfade\u00a0\u00bb animation_direction=\u00a0\u00bbtop\u00a0\u00bb text_text_shadow_style=\u00a0\u00bbpreset2&Prime; global_colors_info=\u00a0\u00bb{}\u00a0\u00bb]<\/p>\n<p><span style=\"color: #ffffff;\"><\/span><\/p>\n<p><span style=\"color: #ffffff;\"><\/span><\/p>\n<p><span style=\"color: #ffffff;\"><\/span><span style=\"color: #ffffff;\">\u00a0 En accueil de jour<\/span><span style=\"color: #ffffff;\"><\/span><\/p>\n<p><span style=\"color: #ffffff;\"><\/span><\/p>\n<p>[\/et_pb_text][\/et_pb_column][\/et_pb_row][et_pb_row _builder_version=\u00a0\u00bb4.10.6&Prime; _module_preset=\u00a0\u00bbdefault\u00a0\u00bb custom_margin=\u00a0\u00bb|auto|-109px|auto||\u00a0\u00bb custom_padding=\u00a0\u00bb|||0px||\u00a0\u00bb link_option_url=\u00a0\u00bbhttp:\/\/www.fondation-hopale.org\/Agenda\/Exposition-Accompagnimage-un-carnet-de-voyage-a-l-hopital\u00a0\u00bb hover_enabled=\u00a0\u00bb0&Prime; global_colors_info=\u00a0\u00bb{}\u00a0\u00bb sticky_enabled=\u00a0\u00bb0&Prime;][et_pb_column type=\u00a0\u00bb4_4&Prime; _builder_version=\u00a0\u00bb4.10.6&Prime; _module_preset=\u00a0\u00bbdefault\u00a0\u00bb global_colors_info=\u00a0\u00bb{}\u00a0\u00bb][et_pb_text _builder_version=\u00a0\u00bb4.10.6&Prime; _module_preset=\u00a0\u00bbdefault\u00a0\u00bb custom_padding=\u00a0\u00bb||0px|||\u00a0\u00bb hover_enabled=\u00a0\u00bb0&Prime; global_colors_info=\u00a0\u00bb{}\u00a0\u00bb sticky_enabled=\u00a0\u00bb0&Prime;]<\/p>\n<p style=\"text-align: justify;\"><span style=\"text-decoration: underline; font-size: x-large;\"><strong><span style=\"color: #0680cc; text-decoration: underline;\">ACTUALIT\u00c9S<\/span><\/strong><\/span><\/p>\n<p style=\"text-align: justify;\"><strong><span style=\"color: #0680cc; font-size: large;\">&#8211; \u00c0 tr\u00e8s bient\u00f4t pour la r\u00e9alisation d&rsquo;un pilote \u00a0soutenu et financ\u00e9 par la Conf\u00e9rence des\u00a0<span style=\"caret-color: #0680cc;\">Financeurs<\/span>\u00a0de Paris. Il sera men\u00e9 en parall\u00e8le dans 2 EHPAD,\u00a0<span style=\"text-decoration: underline;\"> Alice\u00a0<span style=\"color: #0680cc; font-size: large; caret-color: #0680cc; text-decoration: underline;\">Prin,<\/span><\/span><span style=\"color: #0680cc; font-size: large; caret-color: #0680cc;\">\u00a0<\/span>structure\u00a0<span style=\"color: #0680cc;\">publique, dirig\u00e9e par Fabienne Sabotier et la\u00a0<\/span><span style=\"text-decoration: underline;\">Maison des Parents<\/span>, structure priv\u00e9e dirig\u00e9e par Florence Soyer. \u00a0<\/span><\/strong><\/p>\n<p style=\"text-align: justify;\"><strong><span style=\"color: #0680cc;\"><span style=\"font-size: large;\">&#8211; Une exposition participative est en cours de r\u00e9alisation et de co-construction \u00e0 la <span style=\"text-decoration: underline;\">Maison des Sages de BUC<\/span>,\u00a0<\/span><span style=\"font-size: large; caret-color: #0680cc;\">avec\u00a0<\/span><span style=\"font-size: large;\">ses 8 co-locataires, leurs\u00a0<\/span><span style=\"font-size: large;\">proches et toute l&rsquo;\u00e9quipe. Avec Violaine de Clarens et le Dr Alain Smagghe.<\/span><\/span><\/strong><\/p>\n<p style=\"text-align: justify;\"><strong><span style=\"color: #0680cc;\"><span style=\"font-size: large;\">&#8211; Dans le cadre du maintien de\u00a0<\/span><\/span><span style=\"font-size: large; color: #0680cc; caret-color: #0680cc;\">l&rsquo;autonomie<\/span><span style=\"font-size: large; color: #0680cc;\">\u00a0des personnes\u00a0<\/span><span style=\"font-size: 14px; color: #0680cc;\"><span style=\"font-size: large;\">\u00e2g\u00e9es, Accompagnimage a re\u00e7u le soutien et le\u00a0financement\u00a0de la\u00a0Conf\u00e9rence des Financeurs des Hauts de Seine pour intervenir :<\/span><\/span><\/strong><\/p>\n<p style=\"text-align: justify;\"><strong><span style=\"color: #0680cc; font-size: large;\">Aux <span style=\"text-decoration: underline;\">Journ\u00e9es Partag\u00e9es du\u00a0<span style=\"caret-color: #0680cc;\">CLIC<\/span>\u00a0de Nanterre<\/span>. <\/span><\/strong><strong style=\"font-size: 14px;\"><span style=\"color: #0680cc; font-size: large;\">En <strong>immersion bimensuelle<\/strong> depuis d\u00e9cembre 2019.\u00a0<\/span><\/strong><\/p>\n<p style=\"text-align: justify;\"><strong style=\"color: #0c71c3; font-size: large;\">Les journ\u00e9es partag\u00e9es<\/strong><span style=\"color: #0c71c3; font-size: large;\"> proposent un accueil et des\u00a0<span style=\"caret-color: #0c71c3;\">activit\u00e9s<\/span>\u00a0adapt\u00e9es aux s\u00e9niors <strong><span style=\"color: #0680cc; font-size: large;\">pr\u00e9sentant des troubles de la m\u00e9moire et\/ou souffrant d&rsquo;isolement.\u00a0<\/span><\/strong>Leurs proches sont aussi convi\u00e9s dans l\u2019objectif de <\/span><strong style=\"color: #0c71c3; font-size: large;\">partager un temps de convivialit\u00e9<\/strong><strong><span style=\"color: #0c71c3; font-size: large;\"> \u00e9loign\u00e9 des contraintes de la vie quotidienne. Accompagnimage permet de garder le fil mn\u00e9sique de la mani\u00e8re la plus ludique et la plus fluide possible, adapt\u00e9 \u00e0 chacune des\u00a0<\/span><span style=\"color: #0c71c3; font-size: large;\"><span style=\"caret-color: #0c71c3;\">personnes et \u00e0 la situation\u00a0sanitaire. S<\/span><\/span><span style=\"color: #0c71c3; font-size: large;\">ur le terrain, en groupe ou \u00e0\u00a0<span style=\"caret-color: #0c71c3;\">domicile <span style=\"color: #0c71c3; font-size: large; caret-color: #0c71c3;\">selon les contraintes sanitaires,<\/span><\/span>\u00a0et toujours en \u00e9quipe avec la psychologue<\/span><\/strong><span style=\"color: #0c71c3;\"><span style=\"font-size: large;\">. Ces journ\u00e9es visent \u00e9galement \u00e0 faciliter le suivi et les d\u00e9cisions \u00e0 prendre tout au long de l\u2019accompagnement.<\/span><span style=\"font-size: large;\">\u00a0Sous la responsabilit\u00e9 <\/span><\/span><span style=\"color: #0c71c3;\"><span style=\"font-size: large;\">de Fr\u00e9d\u00e9rique Gayet et d&rsquo;Ahlem Maamer.\u00a0<\/span><\/span><span style=\"color: #0680cc; font-size: large;\">Avec<\/span><span style=\"color: #0680cc; font-size: large;\"> la participation vivifiante des Noctambules et la\u00a0<span style=\"caret-color: #0680cc;\">pr\u00e9sence pr\u00e9cieuse et chaleureuse des ps<\/span><\/span><span style=\"color: #0680cc; font-size: large;\">ychologues du groupe: Isabelle Boucq jusqu&rsquo;en juillet 2021 et Oc\u00e9ane Berth\u00e9z\u00e8ne d&rsquo;ao\u00fbt 2021 \u00e0 ce jour.\u00a0<\/span><\/p>\n<p><span style=\"font-size: x-large; color: #0680cc;\"><\/span><\/p>\n<p>[\/et_pb_text][\/et_pb_column][\/et_pb_row][et_pb_row column_structure=\u00a0\u00bb1_3,1_3,1_3&Prime; _builder_version=\u00a0\u00bb4.10.6&Prime; _module_preset=\u00a0\u00bbdefault\u00a0\u00bb global_colors_info=\u00a0\u00bb{}\u00a0\u00bb][et_pb_column type=\u00a0\u00bb1_3&Prime; _builder_version=\u00a0\u00bb4.10.6&Prime; _module_preset=\u00a0\u00bbdefault\u00a0\u00bb global_colors_info=\u00a0\u00bb{}\u00a0\u00bb][et_pb_image src=\u00a0\u00bbhttp:\/\/accompagnimage.fr\/wp-content\/uploads\/2022\/01\/2019-12-04-7767-1024&#215;769.jpg\u00a0\u00bb title_text=\u00a0\u00bb\u00a9V Hue 2019-12-04-7767&Prime; _builder_version=\u00a0\u00bb4.10.6&Prime; _module_preset=\u00a0\u00bbdefault\u00a0\u00bb hover_enabled=\u00a0\u00bb0&Prime; global_colors_info=\u00a0\u00bb{}\u00a0\u00bb sticky_enabled=\u00a0\u00bb0&Prime;][\/et_pb_image][\/et_pb_column][et_pb_column type=\u00a0\u00bb1_3&Prime; _builder_version=\u00a0\u00bb4.10.6&Prime; _module_preset=\u00a0\u00bbdefault\u00a0\u00bb global_colors_info=\u00a0\u00bb{}\u00a0\u00bb][et_pb_image src=\u00a0\u00bbhttp:\/\/accompagnimage.fr\/wp-content\/uploads\/2022\/02\/2020-01-08-8549V1-scaled.jpg\u00a0\u00bb title_text=\u00a0\u00bb\u00a9V Hue 2020-01-08-8549V1&Prime; _builder_version=\u00a0\u00bb4.10.6&Prime; _module_preset=\u00a0\u00bbdefault\u00a0\u00bb global_colors_info=\u00a0\u00bb{}\u00a0\u00bb][\/et_pb_image][\/et_pb_column][et_pb_column type=\u00a0\u00bb1_3&Prime; _builder_version=\u00a0\u00bb4.10.6&Prime; _module_preset=\u00a0\u00bbdefault\u00a0\u00bb global_colors_info=\u00a0\u00bb{}\u00a0\u00bb][et_pb_image src=\u00a0\u00bbhttp:\/\/accompagnimage.fr\/wp-content\/uploads\/2022\/02\/2020-01-08-8420-1024&#215;769.jpg\u00a0\u00bb title_text=\u00a0\u00bb\u00a9V Hue 2020-01-08-8420&Prime; _builder_version=\u00a0\u00bb4.10.6&Prime; _module_preset=\u00a0\u00bbdefault\u00a0\u00bb global_colors_info=\u00a0\u00bb{}\u00a0\u00bb][\/et_pb_image][\/et_pb_column][\/et_pb_row][et_pb_row column_structure=\u00a0\u00bb1_3,1_3,1_3&Prime; _builder_version=\u00a0\u00bb4.10.6&Prime; _module_preset=\u00a0\u00bbdefault\u00a0\u00bb global_colors_info=\u00a0\u00bb{}\u00a0\u00bb][et_pb_column type=\u00a0\u00bb1_3&Prime; _builder_version=\u00a0\u00bb4.10.6&Prime; _module_preset=\u00a0\u00bbdefault\u00a0\u00bb global_colors_info=\u00a0\u00bb{}\u00a0\u00bb][et_pb_image src=\u00a0\u00bbhttp:\/\/accompagnimage.fr\/wp-content\/uploads\/2022\/01\/2020-02-26-2086-1024&#215;768.jpg\u00a0\u00bb title_text=\u00a0\u00bb\u00a9V Hue 2020-02-26-2086&Prime; _builder_version=\u00a0\u00bb4.10.6&Prime; _module_preset=\u00a0\u00bbdefault\u00a0\u00bb global_colors_info=\u00a0\u00bb{}\u00a0\u00bb][\/et_pb_image][\/et_pb_column][et_pb_column type=\u00a0\u00bb1_3&Prime; _builder_version=\u00a0\u00bb4.10.6&Prime; _module_preset=\u00a0\u00bbdefault\u00a0\u00bb global_colors_info=\u00a0\u00bb{}\u00a0\u00bb][et_pb_image src=\u00a0\u00bbhttp:\/\/accompagnimage.fr\/wp-content\/uploads\/2022\/01\/2021-10-22-2384-1024&#215;769.jpg\u00a0\u00bb title_text=\u00a0\u00bb\u00a9V Hue 2021-10-22-2384&Prime; _builder_version=\u00a0\u00bb4.10.6&Prime; _module_preset=\u00a0\u00bbdefault\u00a0\u00bb global_colors_info=\u00a0\u00bb{}\u00a0\u00bb][\/et_pb_image][\/et_pb_column][et_pb_column type=\u00a0\u00bb1_3&Prime; _builder_version=\u00a0\u00bb4.10.6&Prime; _module_preset=\u00a0\u00bbdefault\u00a0\u00bb global_colors_info=\u00a0\u00bb{}\u00a0\u00bb][et_pb_image src=\u00a0\u00bbhttp:\/\/accompagnimage.fr\/wp-content\/uploads\/2022\/02\/2020-01-22-8689-1024&#215;769.jpg\u00a0\u00bb title_text=\u00a0\u00bb\u00a9V Hue 2020-01-22-8689&Prime; _builder_version=\u00a0\u00bb4.10.6&Prime; _module_preset=\u00a0\u00bbdefault\u00a0\u00bb global_colors_info=\u00a0\u00bb{}\u00a0\u00bb][\/et_pb_image][\/et_pb_column][\/et_pb_row][et_pb_row column_structure=\u00a0\u00bb1_3,1_3,1_3&Prime; _builder_version=\u00a0\u00bb4.10.6&Prime; _module_preset=\u00a0\u00bbdefault\u00a0\u00bb global_colors_info=\u00a0\u00bb{}\u00a0\u00bb][et_pb_column type=\u00a0\u00bb1_3&Prime; _builder_version=\u00a0\u00bb4.10.6&Prime; _module_preset=\u00a0\u00bbdefault\u00a0\u00bb global_colors_info=\u00a0\u00bb{}\u00a0\u00bb][et_pb_image src=\u00a0\u00bbhttp:\/\/accompagnimage.fr\/wp-content\/uploads\/2022\/02\/2020-10-14-2962-scaled.jpg\u00a0\u00bb title_text=\u00a0\u00bb\u00a9V Hue 2020-10-14-2962&Prime; _builder_version=\u00a0\u00bb4.10.6&Prime; _module_preset=\u00a0\u00bbdefault\u00a0\u00bb global_colors_info=\u00a0\u00bb{}\u00a0\u00bb][\/et_pb_image][\/et_pb_column][et_pb_column type=\u00a0\u00bb1_3&Prime; _builder_version=\u00a0\u00bb4.10.6&Prime; _module_preset=\u00a0\u00bbdefault\u00a0\u00bb global_colors_info=\u00a0\u00bb{}\u00a0\u00bb][et_pb_image src=\u00a0\u00bbhttp:\/\/accompagnimage.fr\/wp-content\/uploads\/2022\/01\/2021-06-09-8521-769&#215;1024.jpg\u00a0\u00bb title_text=\u00a0\u00bb\u00a9V Hue 2021-06-09-8521&Prime; _builder_version=\u00a0\u00bb4.10.6&Prime; _module_preset=\u00a0\u00bbdefault\u00a0\u00bb global_colors_info=\u00a0\u00bb{}\u00a0\u00bb][\/et_pb_image][\/et_pb_column][et_pb_column type=\u00a0\u00bb1_3&Prime; _builder_version=\u00a0\u00bb4.10.6&Prime; _module_preset=\u00a0\u00bbdefault\u00a0\u00bb global_colors_info=\u00a0\u00bb{}\u00a0\u00bb][et_pb_image src=\u00a0\u00bbhttp:\/\/accompagnimage.fr\/wp-content\/uploads\/2022\/02\/2021-10-22-2356-1024&#215;768.jpg\u00a0\u00bb title_text=\u00a0\u00bb\u00a9V Hue 2021-10-22-2356&Prime; _builder_version=\u00a0\u00bb4.10.6&Prime; _module_preset=\u00a0\u00bbdefault\u00a0\u00bb global_colors_info=\u00a0\u00bb{}\u00a0\u00bb][\/et_pb_image][\/et_pb_column][\/et_pb_row][et_pb_row _builder_version=\u00a0\u00bb4.10.6&Prime; _module_preset=\u00a0\u00bbdefault\u00a0\u00bb min_height=\u00a0\u00bb19.6px\u00a0\u00bb custom_padding=\u00a0\u00bb||0px|||\u00a0\u00bb global_colors_info=\u00a0\u00bb{}\u00a0\u00bb][et_pb_column type=\u00a0\u00bb4_4&Prime; _builder_version=\u00a0\u00bb4.10.6&Prime; _module_preset=\u00a0\u00bbdefault\u00a0\u00bb global_colors_info=\u00a0\u00bb{}\u00a0\u00bb][et_pb_text _builder_version=\u00a0\u00bb4.10.6&Prime; _module_preset=\u00a0\u00bbdefault\u00a0\u00bb custom_padding=\u00a0\u00bb||0px|||\u00a0\u00bb global_colors_info=\u00a0\u00bb{}\u00a0\u00bb]<\/p>\n<p><span style=\"color: #0c71c3; font-size: x-large;\"><strong><span style=\"text-decoration: underline;\">IMMERSIONS ANT\u00c9RIEURES<\/span><\/strong><\/span><\/p>\n<p><span style=\"color: #0c71c3; font-size: large;\"><strong><span style=\"text-decoration: underline;\"><\/span><\/strong><\/span><\/p>\n<p><span style=\"color: #0c71c3; font-size: large;\"><strong>&#8211; R\u00e9sidence autonomie \u00ab\u00a0Les Pins\u00a0\u00bb, avec Florence Soyer,<\/strong> directrice de la r\u00e9sidence, les r\u00e9sidents et l&rsquo;\u00e9quipe.<\/span><\/p>\n<p><span style=\"color: #0c71c3; font-size: large;\">1 journ\u00e9e d&rsquo;immersion hebdomadaire d&rsquo;octobre 2017 \u00e0 avril 2018, avec co-r\u00e9alisation d&rsquo;une exposition participative, \u00ab\u00a0S&rsquo;\u00e9panouir\u00a0\u00bb , ouverte sur la ville.<\/span><span style=\"color: #0c71c3; font-size: large;\"><\/span><\/p>\n<p><span style=\"text-decoration: underline; color: #3366ff;\"><\/span><\/p>\n<p>[\/et_pb_text][\/et_pb_column][\/et_pb_row][et_pb_row _builder_version=\u00a0\u00bb4.10.6&Prime; _module_preset=\u00a0\u00bbdefault\u00a0\u00bb global_colors_info=\u00a0\u00bb{}\u00a0\u00bb][et_pb_column type=\u00a0\u00bb4_4&Prime; _builder_version=\u00a0\u00bb4.10.6&Prime; _module_preset=\u00a0\u00bbdefault\u00a0\u00bb global_colors_info=\u00a0\u00bb{}\u00a0\u00bb][et_pb_image src=\u00a0\u00bbhttp:\/\/accompagnimage.fr\/wp-content\/uploads\/2022\/01\/bbi_avril_2018-37expo-805&#215;1024.jpg\u00a0\u00bb title_text=\u00a0\u00bb\u00a9bbi_avril_2018-37expo\u00a0\u00bb _builder_version=\u00a0\u00bb4.10.6&Prime; _module_preset=\u00a0\u00bbdefault\u00a0\u00bb global_colors_info=\u00a0\u00bb{}\u00a0\u00bb][\/et_pb_image][\/et_pb_column][\/et_pb_row][\/et_pb_section][et_pb_section fb_built=\u00a0\u00bb1&Prime; _builder_version=\u00a0\u00bb4.10.6&Prime; _module_preset=\u00a0\u00bbdefault\u00a0\u00bb global_colors_info=\u00a0\u00bb{}\u00a0\u00bb][et_pb_row _builder_version=\u00a0\u00bb4.10.6&Prime; _module_preset=\u00a0\u00bbdefault\u00a0\u00bb global_colors_info=\u00a0\u00bb{}\u00a0\u00bb][et_pb_column type=\u00a0\u00bb4_4&Prime; _builder_version=\u00a0\u00bb4.10.6&Prime; _module_preset=\u00a0\u00bbdefault\u00a0\u00bb global_colors_info=\u00a0\u00bb{}\u00a0\u00bb][et_pb_text _builder_version=\u00a0\u00bb4.10.6&Prime; _module_preset=\u00a0\u00bbdefault\u00a0\u00bb global_colors_info=\u00a0\u00bb{}\u00a0\u00bb]<\/p>\n<p><span style=\"color: #0c71c3; font-size: large;\"><strong>&#8211; Centre du Dr Jean Colin, accueil de jour du FIR, avec le Dr Alain Smagghe, Madeleine Chesnais, l&rsquo;\u00e9quipe<\/strong>, <strong>et les personnes accueillies<\/strong>, r\u00e9alisation d&rsquo;un pilote en immersion hebdomadaire, 2015.\u00a0<\/span><\/p>\n<p><strong><span style=\"color: #0c71c3; font-size: large;\">&#8211; Association Ose, Centre Ren\u00e9e Ortin, Sarcelles, dans le cadre d&rsquo;un atelier d&rsquo;aide aux aidants, avec le Dr Marc Cohen et Helga Ketevi. 2015\/16<\/span><\/strong><\/p>\n<p><strong><span style=\"color: #0c71c3; font-size: large;\"><\/span><\/strong><\/p>\n<p><strong><span style=\"color: #0c71c3; font-size: large;\"><\/span><\/strong><\/p>\n<p>[\/et_pb_text][\/et_pb_column][\/et_pb_row][\/et_pb_section]<\/p>\n","protected":false},"excerpt":{"rendered":"<p>\u00a0 En accueil de jour ACTUALIT\u00c9S &#8211; \u00c0 tr\u00e8s bient\u00f4t pour la r\u00e9alisation d&rsquo;un pilote \u00a0soutenu et financ\u00e9 par la Conf\u00e9rence des\u00a0Financeurs\u00a0de Paris. Il sera men\u00e9 en parall\u00e8le dans 2 EHPAD,\u00a0 Alice\u00a0Prin,\u00a0structure\u00a0publique, dirig\u00e9e par Fabienne Sabotier et la\u00a0Maison des Parents, structure priv\u00e9e dirig\u00e9e par Florence Soyer. \u00a0 &#8211; Une exposition participative est en cours de [&hellip;]<\/p>\n","protected":false},"author":1,"featured_media":0,"parent":0,"menu_order":0,"comment_status":"closed","ping_status":"closed","template":"","meta":{"_et_pb_use_builder":"on","_et_pb_old_content":"","_et_gb_content_width":"","footnotes":""},"class_list":["post-624","page","type-page","status-publish","hentry"],"_links":{"self":[{"href":"http:\/\/accompagnimage.fr\/index.php?rest_route=\/wp\/v2\/pages\/624","targetHints":{"allow":["GET"]}}],"collection":[{"href":"http:\/\/accompagnimage.fr\/index.php?rest_route=\/wp\/v2\/pages"}],"about":[{"href":"http:\/\/accompagnimage.fr\/index.php?rest_route=\/wp\/v2\/types\/page"}],"author":[{"embeddable":true,"href":"http:\/\/accompagnimage.fr\/index.php?rest_route=\/wp\/v2\/users\/1"}],"replies":[{"embeddable":true,"href":"http:\/\/accompagnimage.fr\/index.php?rest_route=%2Fwp%2Fv2%2Fcomments&post=624"}],"version-history":[{"count":19,"href":"http:\/\/accompagnimage.fr\/index.php?rest_route=\/wp\/v2\/pages\/624\/revisions"}],"predecessor-version":[{"id":1045,"href":"http:\/\/accompagnimage.fr\/index.php?rest_route=\/wp\/v2\/pages\/624\/revisions\/1045"}],"wp:attachment":[{"href":"http:\/\/accompagnimage.fr\/index.php?rest_route=%2Fwp%2Fv2%2Fmedia&parent=624"}],"curies":[{"name":"wp","href":"https:\/\/api.w.org\/{rel}","templated":true}]}}