{"id":606,"date":"2022-01-21T10:12:09","date_gmt":"2022-01-21T09:12:09","guid":{"rendered":"http:\/\/accompagnimage.fr\/?page_id=606"},"modified":"2023-03-13T09:29:50","modified_gmt":"2023-03-13T08:29:50","slug":"concept-2","status":"publish","type":"page","link":"http:\/\/accompagnimage.fr\/?page_id=606","title":{"rendered":"Concept"},"content":{"rendered":"<p>[et_pb_section fb_built=\u00a0\u00bb1&Prime; _builder_version=\u00a0\u00bb4.10.6&Prime; _module_preset=\u00a0\u00bbdefault\u00a0\u00bb background_image=\u00a0\u00bbhttp:\/\/accompagnimage.fr\/wp-content\/uploads\/2021\/08\/ImagineACC-scaled.jpg\u00a0\u00bb global_colors_info=\u00a0\u00bb{}\u00a0\u00bb][et_pb_row _builder_version=\u00a0\u00bb4.10.6&Prime; _module_preset=\u00a0\u00bbdefault\u00a0\u00bb min_height=\u00a0\u00bb48px\u00a0\u00bb global_colors_info=\u00a0\u00bb{}\u00a0\u00bb][et_pb_column type=\u00a0\u00bb4_4&Prime; _builder_version=\u00a0\u00bb4.10.6&Prime; _module_preset=\u00a0\u00bbdefault\u00a0\u00bb global_colors_info=\u00a0\u00bb{}\u00a0\u00bb][et_pb_text _builder_version=\u00a0\u00bb4.10.6&Prime; _module_preset=\u00a0\u00bbdefault\u00a0\u00bb custom_padding=\u00a0\u00bb0px||0px|||\u00a0\u00bb global_colors_info=\u00a0\u00bb{}\u00a0\u00bb]<\/p>\n<h2><span style=\"color: #ffffff;\">Concept<\/span><\/h2>\n<p>[\/et_pb_text][\/et_pb_column][\/et_pb_row][\/et_pb_section][et_pb_section fb_built=\u00a0\u00bb1&Prime; _builder_version=\u00a0\u00bb4.10.6&Prime; _module_preset=\u00a0\u00bbdefault\u00a0\u00bb hover_enabled=\u00a0\u00bb0&Prime; global_colors_info=\u00a0\u00bb{}\u00a0\u00bb sticky_enabled=\u00a0\u00bb0&Prime;][et_pb_row _builder_version=\u00a0\u00bb4.10.6&Prime; _module_preset=\u00a0\u00bbdefault\u00a0\u00bb hover_enabled=\u00a0\u00bb0&Prime; global_colors_info=\u00a0\u00bb{}\u00a0\u00bb sticky_enabled=\u00a0\u00bb0&Prime;][et_pb_column type=\u00a0\u00bb4_4&Prime; _builder_version=\u00a0\u00bb4.10.6&Prime; _module_preset=\u00a0\u00bbdefault\u00a0\u00bb global_colors_info=\u00a0\u00bb{}\u00a0\u00bb][et_pb_text _builder_version=\u00a0\u00bb4.10.6&Prime; _module_preset=\u00a0\u00bbdefault\u00a0\u00bb custom_padding=\u00a0\u00bb||1px|||\u00a0\u00bb hover_enabled=\u00a0\u00bb0&Prime; global_colors_info=\u00a0\u00bb{}\u00a0\u00bb sticky_enabled=\u00a0\u00bb0&Prime;]<\/p>\n<p><span style=\"font-size: large;\"><strong><span style=\"color: #0c71c3;\">ACCOMPAGNIMAGE\u00ae = Accompagnement individuel + Compagnonnage en \u00e9quipe + l&rsquo;Image comme support <\/span><\/strong><\/span><\/p>\n<p><span style=\"font-size: large;\"><strong><span style=\"color: #0c71c3;\">C&rsquo;est un concept novateur de support de r\u00e9tablissement psychosocial, interactif, \u00e0 base d&rsquo;\u00e9thique appliqu\u00e9e et de photographie.<\/span><\/strong><\/span><\/p>\n<p><span style=\"font-size: large; color: #0c71c3;\"><strong><span style=\"font-size: large;\">La proposition commence par quelques \u00e9changes, quelques photos, voire la co-construction d\u2019un carnet de bord. Si souhait\u00e9, c<\/span><span style=\"font-size: large; caret-color: #0c71c3;\">elle-<\/span><span style=\"font-size: large;\">ci se d\u00e9ploie en dynamique collective au fil du temps en racontant\u00a0<span style=\"caret-color: #0c71c3;\">l&rsquo;histoire<\/span>\u00a0du groupe \u00e0 partir des choix de chacun, et en offrant aux\u00a0\u00e9quipes soignantes et accompagnantes, un support et une visibilit\u00e9 suppl\u00e9mentaire dans le cadre de leur prise en charge. <\/span><\/strong><\/span><\/p>\n<p><span style=\"font-size: large; color: #0c71c3;\"><strong><span style=\"font-size: large;\">Le partage des photos invite chaque nouvel arrivant dans le groupe \u00e0 participer et \u00e0 enrichir s&rsquo;il le d\u00e9sire, le tissage interactif des regards que nous portons sur nous-m\u00eames ainsi que les uns sur les autres. En confiance,\u00a0dans le respect de chacun, de la confidentialit\u00e9 et du secret m\u00e9dical.<\/span><\/strong><\/span><\/p>\n<p><span style=\"font-size: large;\"><strong><span style=\"color: #0c71c3;\">Ce concept se situe au carrefour du m\u00e9dical, du th\u00e9rapeutique, du social, de l&rsquo;affectif, de l&rsquo;artistique et de la qualit\u00e9 de vie de toutes les personnes concern\u00e9es par le soin.<\/span><\/strong><\/span><\/p>\n<p><strong><span style=\"color: #0c71c3; font-size: large;\">\u00a0Du personnel au collectif, ce projet invite \u00e0 raviver la conscience du \u00ab\u00a0nous\u00a0\u00bb tout en valorisant les sp\u00e9cificit\u00e9s de chacun.<\/span><\/strong><\/p>\n<p><span style=\"font-size: large;\"><strong><span style=\"color: #0c71c3;\">C\u2019est l\u2019image au c\u0153ur et au service du soin.<\/span><\/strong><\/span><\/p>\n<p>[\/et_pb_text][\/et_pb_column][\/et_pb_row][et_pb_row _builder_version=\u00a0\u00bb4.10.6&Prime; _module_preset=\u00a0\u00bbdefault\u00a0\u00bb global_colors_info=\u00a0\u00bb{}\u00a0\u00bb][et_pb_column type=\u00a0\u00bb4_4&Prime; _builder_version=\u00a0\u00bb4.10.6&Prime; _module_preset=\u00a0\u00bbdefault\u00a0\u00bb global_colors_info=\u00a0\u00bb{}\u00a0\u00bb][et_pb_text _builder_version=\u00a0\u00bb4.10.6&Prime; _module_preset=\u00a0\u00bbdefault\u00a0\u00bb hover_enabled=\u00a0\u00bb0&Prime; global_colors_info=\u00a0\u00bb{}\u00a0\u00bb sticky_enabled=\u00a0\u00bb0&Prime;]<\/p>\n<p><span style=\"font-size: medium; color: #00ccff;\"><strong><span style=\"caret-color: #0c71c3;\">Pour des raisons de confidentialit\u00e9, les photos qui illustrent le site sont choisies parmi celles des soignants en activit\u00e9 professionnelle. Si vous souhaitez avoir une id\u00e9e plus pr\u00e9cise sur la dynamique individuelle et collective, je vous invite \u00e0 me contacter pour que je vienne \u00e0 votre rencontre.<\/span><\/strong><\/span><\/p>\n<p>[\/et_pb_text][\/et_pb_column][\/et_pb_row][et_pb_row column_structure=\u00a0\u00bb1_3,1_3,1_3&Prime; _builder_version=\u00a0\u00bb4.10.6&Prime; _module_preset=\u00a0\u00bbdefault\u00a0\u00bb global_colors_info=\u00a0\u00bb{}\u00a0\u00bb][et_pb_column type=\u00a0\u00bb1_3&Prime; _builder_version=\u00a0\u00bb4.10.6&Prime; _module_preset=\u00a0\u00bbdefault\u00a0\u00bb global_colors_info=\u00a0\u00bb{}\u00a0\u00bb][et_pb_image src=\u00a0\u00bbhttp:\/\/accompagnimage.fr\/wp-content\/uploads\/2022\/02\/2020-03-03-2211vx3-1024&#215;768.jpg\u00a0\u00bb title_text=\u00a0\u00bb\u00a9Val\u00e9rie Hue 2020-03-03-2211vx3&Prime; _builder_version=\u00a0\u00bb4.10.6&Prime; _module_preset=\u00a0\u00bbdefault\u00a0\u00bb global_colors_info=\u00a0\u00bb{}\u00a0\u00bb][\/et_pb_image][\/et_pb_column][et_pb_column type=\u00a0\u00bb1_3&Prime; _builder_version=\u00a0\u00bb4.10.6&Prime; _module_preset=\u00a0\u00bbdefault\u00a0\u00bb global_colors_info=\u00a0\u00bb{}\u00a0\u00bb][et_pb_image src=\u00a0\u00bbhttp:\/\/accompagnimage.fr\/wp-content\/uploads\/2022\/02\/2021-06-18-8872-1024&#215;769.jpg\u00a0\u00bb alt=\u00a0\u00bb\u00c9mily R. Art-th\u00e9rapeute, Service SSR du Pr Sophie Dupont, GH Piti\u00e9 Salp\u00eatri\u00e8re, AP-HP, le 28 avril 2017. Texte de Fran\u00e7ois-Paul D.\u00a0\u00bb title_text=\u00a0\u00bb\u00a9Val\u00e9rie Hue 2021-06-18-8872&Prime; _builder_version=\u00a0\u00bb4.10.6&Prime; _module_preset=\u00a0\u00bbdefault\u00a0\u00bb hover_enabled=\u00a0\u00bb0&Prime; global_colors_info=\u00a0\u00bb{}\u00a0\u00bb sticky_enabled=\u00a0\u00bb0&Prime;][\/et_pb_image][\/et_pb_column][et_pb_column type=\u00a0\u00bb1_3&Prime; _builder_version=\u00a0\u00bb4.10.6&Prime; _module_preset=\u00a0\u00bbdefault\u00a0\u00bb global_colors_info=\u00a0\u00bb{}\u00a0\u00bb][et_pb_image src=\u00a0\u00bbhttp:\/\/accompagnimage.fr\/wp-content\/uploads\/2021\/11\/photo-accueil-2-1024&#215;768.jpg\u00a0\u00bb alt=\u00a0\u00bb\u00c9mily R. Art-th\u00e9rapeute, Service SSR du Pr Sophie Dupont, GH Piti\u00e9 Salp\u00eatri\u00e8re, AP-HP, le 28 avril 2017. Texte de Fran\u00e7ois-Paul D.\u00a0\u00bb title_text=\u00a0\u00bb\u00a9V Hue-\u00c9mily et FP\u00a0\u00bb _builder_version=\u00a0\u00bb4.10.6&Prime; _module_preset=\u00a0\u00bbdefault\u00a0\u00bb global_colors_info=\u00a0\u00bb{}\u00a0\u00bb][\/et_pb_image][\/et_pb_column][\/et_pb_row][\/et_pb_section][et_pb_section fb_built=\u00a0\u00bb1&Prime; _builder_version=\u00a0\u00bb4.10.6&Prime; _module_preset=\u00a0\u00bbdefault\u00a0\u00bb global_colors_info=\u00a0\u00bb{}\u00a0\u00bb][et_pb_row column_structure=\u00a0\u00bb1_3,1_3,1_3&Prime; _builder_version=\u00a0\u00bb4.10.6&Prime; _module_preset=\u00a0\u00bbdefault\u00a0\u00bb global_colors_info=\u00a0\u00bb{}\u00a0\u00bb][et_pb_column type=\u00a0\u00bb1_3&Prime; _builder_version=\u00a0\u00bb4.10.6&Prime; _module_preset=\u00a0\u00bbdefault\u00a0\u00bb global_colors_info=\u00a0\u00bb{}\u00a0\u00bb][et_pb_image src=\u00a0\u00bbhttp:\/\/accompagnimage.fr\/wp-content\/uploads\/2022\/02\/2016-11-30-3847v4-1024&#215;768.jpg\u00a0\u00bb title_text=\u00a0\u00bb\u00a9V Hue 2016-11-30-3847v4&Prime; _builder_version=\u00a0\u00bb4.10.6&Prime; _module_preset=\u00a0\u00bbdefault\u00a0\u00bb global_colors_info=\u00a0\u00bb{}\u00a0\u00bb][\/et_pb_image][\/et_pb_column][et_pb_column type=\u00a0\u00bb1_3&Prime; _builder_version=\u00a0\u00bb4.10.6&Prime; _module_preset=\u00a0\u00bbdefault\u00a0\u00bb global_colors_info=\u00a0\u00bb{}\u00a0\u00bb][et_pb_image src=\u00a0\u00bbhttp:\/\/accompagnimage.fr\/wp-content\/uploads\/2022\/02\/2021-07-23-9683-1024&#215;769.jpg\u00a0\u00bb alt=\u00a0\u00bb\u00c9mily R. Art-th\u00e9rapeute, Service SSR du Pr Sophie Dupont, GH Piti\u00e9 Salp\u00eatri\u00e8re, AP-HP, le 28 avril 2017. Texte de Fran\u00e7ois-Paul D.\u00a0\u00bb title_text=\u00a0\u00bb\u00a9Val\u00e9rie Hue 2021-07-23-9683&Prime; _builder_version=\u00a0\u00bb4.10.6&Prime; _module_preset=\u00a0\u00bbdefault\u00a0\u00bb global_colors_info=\u00a0\u00bb{}\u00a0\u00bb][\/et_pb_image][\/et_pb_column][et_pb_column type=\u00a0\u00bb1_3&Prime; _builder_version=\u00a0\u00bb4.10.6&Prime; _module_preset=\u00a0\u00bbdefault\u00a0\u00bb global_colors_info=\u00a0\u00bb{}\u00a0\u00bb][et_pb_image src=\u00a0\u00bbhttp:\/\/accompagnimage.fr\/wp-content\/uploads\/2022\/02\/2021-09-09-1278v1-1024&#215;769.jpg\u00a0\u00bb title_text=\u00a0\u00bb\u00a9V Hue 2021-09-09-1278v1&Prime; _builder_version=\u00a0\u00bb4.10.6&Prime; _module_preset=\u00a0\u00bbdefault\u00a0\u00bb global_colors_info=\u00a0\u00bb{}\u00a0\u00bb][\/et_pb_image][\/et_pb_column][\/et_pb_row][\/et_pb_section]<\/p>\n","protected":false},"excerpt":{"rendered":"<p>ConceptACCOMPAGNIMAGE\u00ae = Accompagnement individuel + Compagnonnage en \u00e9quipe + l&rsquo;Image comme support C&rsquo;est un concept novateur de support de r\u00e9tablissement psychosocial, interactif, \u00e0 base d&rsquo;\u00e9thique appliqu\u00e9e et de photographie. La proposition commence par quelques \u00e9changes, quelques photos, voire la co-construction d\u2019un carnet de bord. Si souhait\u00e9, celle-ci se d\u00e9ploie en dynamique collective au fil du [&hellip;]<\/p>\n","protected":false},"author":1,"featured_media":0,"parent":0,"menu_order":0,"comment_status":"closed","ping_status":"closed","template":"","meta":{"_et_pb_use_builder":"on","_et_pb_old_content":"","_et_gb_content_width":"","footnotes":""},"class_list":["post-606","page","type-page","status-publish","hentry"],"_links":{"self":[{"href":"http:\/\/accompagnimage.fr\/index.php?rest_route=\/wp\/v2\/pages\/606","targetHints":{"allow":["GET"]}}],"collection":[{"href":"http:\/\/accompagnimage.fr\/index.php?rest_route=\/wp\/v2\/pages"}],"about":[{"href":"http:\/\/accompagnimage.fr\/index.php?rest_route=\/wp\/v2\/types\/page"}],"author":[{"embeddable":true,"href":"http:\/\/accompagnimage.fr\/index.php?rest_route=\/wp\/v2\/users\/1"}],"replies":[{"embeddable":true,"href":"http:\/\/accompagnimage.fr\/index.php?rest_route=%2Fwp%2Fv2%2Fcomments&post=606"}],"version-history":[{"count":25,"href":"http:\/\/accompagnimage.fr\/index.php?rest_route=\/wp\/v2\/pages\/606\/revisions"}],"predecessor-version":[{"id":1048,"href":"http:\/\/accompagnimage.fr\/index.php?rest_route=\/wp\/v2\/pages\/606\/revisions\/1048"}],"wp:attachment":[{"href":"http:\/\/accompagnimage.fr\/index.php?rest_route=%2Fwp%2Fv2%2Fmedia&parent=606"}],"curies":[{"name":"wp","href":"https:\/\/api.w.org\/{rel}","templated":true}]}}