{"id":293,"date":"2021-09-15T23:17:35","date_gmt":"2021-09-15T21:17:35","guid":{"rendered":"http:\/\/accompagnimage.fr\/?page_id=293"},"modified":"2022-08-17T11:34:05","modified_gmt":"2022-08-17T09:34:05","slug":"concept","status":"publish","type":"page","link":"http:\/\/accompagnimage.fr\/?page_id=293","title":{"rendered":"D\u00e9roul\u00e9"},"content":{"rendered":"<p>[et_pb_section fb_built=\u00a0\u00bb1&Prime; _builder_version=\u00a0\u00bb4.10.6&Prime; _module_preset=\u00a0\u00bbdefault\u00a0\u00bb min_height=\u00a0\u00bb634.6px\u00a0\u00bb custom_margin=\u00a0\u00bb||-232px|||\u00a0\u00bb custom_padding=\u00a0\u00bb0px||0px|||\u00a0\u00bb global_colors_info=\u00a0\u00bb{}\u00a0\u00bb][et_pb_row _builder_version=\u00a0\u00bb4.10.3&Prime; _module_preset=\u00a0\u00bbdefault\u00a0\u00bb width=\u00a0\u00bb100%\u00a0\u00bb max_width=\u00a0\u00bb100%\u00a0\u00bb custom_padding=\u00a0\u00bb1px|||||\u00a0\u00bb global_colors_info=\u00a0\u00bb{}\u00a0\u00bb][et_pb_column type=\u00a0\u00bb4_4&Prime; _builder_version=\u00a0\u00bb4.10.3&Prime; _module_preset=\u00a0\u00bbdefault\u00a0\u00bb global_colors_info=\u00a0\u00bb{}\u00a0\u00bb][et_pb_text _builder_version=\u00a0\u00bb4.10.3&Prime; _module_preset=\u00a0\u00bbdefault\u00a0\u00bb text_font=\u00a0\u00bbBaloo 2||||||||\u00a0\u00bb text_text_color=\u00a0\u00bb#000000&Prime; text_font_size=\u00a0\u00bb38px\u00a0\u00bb background_image=\u00a0\u00bbhttp:\/\/accompagnimage.fr\/wp-content\/uploads\/2021\/08\/ImagineACC-scaled.jpg\u00a0\u00bb min_height=\u00a0\u00bb236.8px\u00a0\u00bb animation_style=\u00a0\u00bbfold\u00a0\u00bb animation_direction=\u00a0\u00bbtop\u00a0\u00bb text_text_shadow_style=\u00a0\u00bbpreset2&Prime; global_colors_info=\u00a0\u00bb{}\u00a0\u00bb]<\/p>\n<p><span style=\"color: #ffffff;\"><\/span><\/p>\n<p><span style=\"color: #ffffff;\"><\/span><\/p>\n<p><span style=\"color: #ffffff;\"><\/span><span style=\"color: #ffffff;\">\u00a0 \u00a0 \u00a0D\u00e9roul\u00e9<\/span><span style=\"color: #ffffff;\"><\/span><\/p>\n<p>[\/et_pb_text][\/et_pb_column][\/et_pb_row][et_pb_row _builder_version=\u00a0\u00bb4.10.6&Prime; _module_preset=\u00a0\u00bbdefault\u00a0\u00bb global_colors_info=\u00a0\u00bb{}\u00a0\u00bb][et_pb_column type=\u00a0\u00bb4_4&Prime; _builder_version=\u00a0\u00bb4.10.6&Prime; _module_preset=\u00a0\u00bbdefault\u00a0\u00bb global_colors_info=\u00a0\u00bb{}\u00a0\u00bb][et_pb_text _builder_version=\u00a0\u00bb4.10.6&Prime; _module_preset=\u00a0\u00bbdefault\u00a0\u00bb text_text_color=\u00a0\u00bb#e0e0e0&Prime; background_color=\u00a0\u00bbRGBA(0,0,0,0)\u00a0\u00bb global_colors_info=\u00a0\u00bb{}\u00a0\u00bb]<\/p>\n<h4 style=\"text-align: left;\"><strong><span style=\"color: #00ccff;\">ACCOMPAGNIMAGE, une d\u00e9marche novatrice qui repose sur une approche \u00e9thique de la photographie.<\/span><\/strong><\/h4>\n<h4><strong><span style=\"color: #00ccff;\">Elle se d\u00e9ploie de mani\u00e8re participative dans le respect du rythme et des choix de chacun. <\/span><\/strong><\/h4>\n<h4><strong><span style=\"color: #00ccff;\">Du soin de support au support d&rsquo;\u00e9changes, jusqu&rsquo;au c<\/span><\/strong><strong><span style=\"color: #00ccff;\">o-t\u00e9moignage, co-reportage tiss\u00e9s tous ensemble \u00e0 partir des choix\u00a0<span style=\"caret-color: #00ccff;\">individuels<\/span>.\u00a0<\/span><\/strong><\/h4>\n<p>[\/et_pb_text][\/et_pb_column][\/et_pb_row][\/et_pb_section][et_pb_section fb_built=\u00a0\u00bb1&Prime; _builder_version=\u00a0\u00bb4.10.6&Prime; _module_preset=\u00a0\u00bbdefault\u00a0\u00bb global_colors_info=\u00a0\u00bb{}\u00a0\u00bb][et_pb_row column_structure=\u00a0\u00bb1_2,1_2&Prime; _builder_version=\u00a0\u00bb4.10.6&Prime; _module_preset=\u00a0\u00bbdefault\u00a0\u00bb global_colors_info=\u00a0\u00bb{}\u00a0\u00bb][et_pb_column type=\u00a0\u00bb1_2&Prime; _builder_version=\u00a0\u00bb4.10.6&Prime; _module_preset=\u00a0\u00bbdefault\u00a0\u00bb global_colors_info=\u00a0\u00bb{}\u00a0\u00bb][et_pb_image src=\u00a0\u00bbhttp:\/\/accompagnimage.fr\/wp-content\/uploads\/2022\/01\/ACC-concretement-1024&#215;768.jpg\u00a0\u00bb alt=\u00a0\u00bbInfo ajout\u00e9e\u00a0\u00bb title_text=\u00a0\u00bb\u00a9V Hue ACC concretement\u00a0\u00bb _builder_version=\u00a0\u00bb4.10.6&Prime; _module_preset=\u00a0\u00bbdefault\u00a0\u00bb global_colors_info=\u00a0\u00bb{}\u00a0\u00bb][\/et_pb_image][\/et_pb_column][et_pb_column type=\u00a0\u00bb1_2&Prime; _builder_version=\u00a0\u00bb4.10.6&Prime; _module_preset=\u00a0\u00bbdefault\u00a0\u00bb global_colors_info=\u00a0\u00bb{}\u00a0\u00bb][et_pb_image src=\u00a0\u00bbhttp:\/\/accompagnimage.fr\/wp-content\/uploads\/2022\/05\/Acc-schema-explicatif-1024&#215;737.jpg\u00a0\u00bb title_text=\u00a0\u00bb\u00a9Val\u00e9rieHue-Accompagnimage\u00aeAcc schema explicatif\u00a0\u00bb _builder_version=\u00a0\u00bb4.10.6&Prime; _module_preset=\u00a0\u00bbdefault\u00a0\u00bb global_colors_info=\u00a0\u00bb{}\u00a0\u00bb][\/et_pb_image][\/et_pb_column][\/et_pb_row][\/et_pb_section]<\/p>\n","protected":false},"excerpt":{"rendered":"<p>\u00a0 \u00a0 \u00a0D\u00e9roul\u00e9ACCOMPAGNIMAGE, une d\u00e9marche novatrice qui repose sur une approche \u00e9thique de la photographie. Elle se d\u00e9ploie de mani\u00e8re participative dans le respect du rythme et des choix de chacun. Du soin de support au support d&rsquo;\u00e9changes, jusqu&rsquo;au co-t\u00e9moignage, co-reportage tiss\u00e9s tous ensemble \u00e0 partir des choix\u00a0individuels.\u00a0<\/p>\n","protected":false},"author":1,"featured_media":0,"parent":0,"menu_order":0,"comment_status":"closed","ping_status":"closed","template":"","meta":{"_et_pb_use_builder":"on","_et_pb_old_content":"","_et_gb_content_width":"","footnotes":""},"class_list":["post-293","page","type-page","status-publish","hentry"],"_links":{"self":[{"href":"http:\/\/accompagnimage.fr\/index.php?rest_route=\/wp\/v2\/pages\/293","targetHints":{"allow":["GET"]}}],"collection":[{"href":"http:\/\/accompagnimage.fr\/index.php?rest_route=\/wp\/v2\/pages"}],"about":[{"href":"http:\/\/accompagnimage.fr\/index.php?rest_route=\/wp\/v2\/types\/page"}],"author":[{"embeddable":true,"href":"http:\/\/accompagnimage.fr\/index.php?rest_route=\/wp\/v2\/users\/1"}],"replies":[{"embeddable":true,"href":"http:\/\/accompagnimage.fr\/index.php?rest_route=%2Fwp%2Fv2%2Fcomments&post=293"}],"version-history":[{"count":25,"href":"http:\/\/accompagnimage.fr\/index.php?rest_route=\/wp\/v2\/pages\/293\/revisions"}],"predecessor-version":[{"id":1043,"href":"http:\/\/accompagnimage.fr\/index.php?rest_route=\/wp\/v2\/pages\/293\/revisions\/1043"}],"wp:attachment":[{"href":"http:\/\/accompagnimage.fr\/index.php?rest_route=%2Fwp%2Fv2%2Fmedia&parent=293"}],"curies":[{"name":"wp","href":"https:\/\/api.w.org\/{rel}","templated":true}]}}