{"id":137,"date":"2021-09-01T13:04:26","date_gmt":"2021-09-01T11:04:26","guid":{"rendered":"http:\/\/accompagnimage.fr\/?page_id=137"},"modified":"2022-02-05T11:29:24","modified_gmt":"2022-02-05T10:29:24","slug":"mentions-legales","status":"publish","type":"page","link":"http:\/\/accompagnimage.fr\/?page_id=137","title":{"rendered":"Mentions l\u00e9gales"},"content":{"rendered":"<p>[et_pb_section fb_built=\u00a0\u00bb1&Prime; _builder_version=\u00a0\u00bb4.10.3&Prime; _module_preset=\u00a0\u00bbdefault\u00a0\u00bb min_height=\u00a0\u00bb634.6px\u00a0\u00bb custom_padding=\u00a0\u00bb0px||1px|||\u00a0\u00bb global_colors_info=\u00a0\u00bb{}\u00a0\u00bb][et_pb_row _builder_version=\u00a0\u00bb4.10.3&Prime; _module_preset=\u00a0\u00bbdefault\u00a0\u00bb width=\u00a0\u00bb100%\u00a0\u00bb max_width=\u00a0\u00bb100%\u00a0\u00bb custom_padding=\u00a0\u00bb1px|||||\u00a0\u00bb global_colors_info=\u00a0\u00bb{}\u00a0\u00bb][et_pb_column type=\u00a0\u00bb4_4&Prime; _builder_version=\u00a0\u00bb4.10.3&Prime; _module_preset=\u00a0\u00bbdefault\u00a0\u00bb global_colors_info=\u00a0\u00bb{}\u00a0\u00bb][et_pb_text _builder_version=\u00a0\u00bb4.10.3&Prime; _module_preset=\u00a0\u00bbdefault\u00a0\u00bb text_font=\u00a0\u00bbBaloo 2||||||||\u00a0\u00bb text_text_color=\u00a0\u00bb#000000&Prime; text_font_size=\u00a0\u00bb38px\u00a0\u00bb background_image=\u00a0\u00bbhttp:\/\/accompagnimage.fr\/wp-content\/uploads\/2021\/08\/ImagineACC-scaled.jpg\u00a0\u00bb min_height=\u00a0\u00bb236.8px\u00a0\u00bb animation_style=\u00a0\u00bbfold\u00a0\u00bb animation_direction=\u00a0\u00bbtop\u00a0\u00bb text_text_shadow_style=\u00a0\u00bbpreset2&Prime; global_colors_info=\u00a0\u00bb{}\u00a0\u00bb]<\/p>\n<p><span style=\"color: #ffffff;\"><\/span><\/p>\n<p><span style=\"color: #ffffff;\"><\/span><\/p>\n<p><span style=\"color: #ffffff;\"><\/span><span style=\"color: #ffffff;\">\u00a0\u00a0\u00a0\u00a0 Mentions <\/span><span style=\"color: #ffffff;\">l\u00e9gales<\/span><\/p>\n<p>[\/et_pb_text][\/et_pb_column][\/et_pb_row][et_pb_row _builder_version=\u00a0\u00bb4.10.3&Prime; _module_preset=\u00a0\u00bbdefault\u00a0\u00bb animation_style=\u00a0\u00bbfold\u00a0\u00bb animation_direction=\u00a0\u00bbbottom\u00a0\u00bb global_colors_info=\u00a0\u00bb{}\u00a0\u00bb][et_pb_column type=\u00a0\u00bb4_4&Prime; _builder_version=\u00a0\u00bb4.10.3&Prime; _module_preset=\u00a0\u00bbdefault\u00a0\u00bb global_colors_info=\u00a0\u00bb{}\u00a0\u00bb][et_pb_text _builder_version=\u00a0\u00bb4.10.3&Prime; _module_preset=\u00a0\u00bbdefault\u00a0\u00bb global_colors_info=\u00a0\u00bb{}\u00a0\u00bb]<\/p>\n<p><span><strong>Le site Accompagnimage a \u00e9t\u00e9 cr\u00e9\u00e9 et maintenu par Robin Linder<\/strong><\/span><strong>.<\/strong><\/p>\n<p><strong>Liens : <\/strong><\/p>\n<p><span><span style=\"font-weight: normal;\">Les sites reli\u00e9s directement ou indirectement au site Accompagnimage.fr ne sont pas sous contr\u00f4le. En cons\u00e9quence, nous n\u2019assumons aucune responsabilit\u00e9 quant aux informations publi\u00e9es sur ces sites.<\/span><\/span><\/p>\n<p><span style=\"font-weight: normal;\">Les liens avec des sites ext\u00e9rieurs ne sont fournis qu\u2019\u00e0 titre de commodit\u00e9 et n\u2019impliquent aucune caution quant \u00e0 leur contenu.<\/span><\/p>\n<p><span style=\"font-weight: normal;\"><\/span><\/p>\n<p><span style=\"font-weight: normal;\"><\/span><\/p>\n<p><strong>Reproduction :<\/strong><\/p>\n<p><span><span style=\"font-weight: normal;\">Les textes, images ou vid\u00e9os propos\u00e9es sont la propri\u00e9t\u00e9 de leurs auteurs.\u00a0<\/span><\/span><span style=\"font-weight: normal;\">Les images et illustrations pr\u00e9sent\u00e9es sur Accompagnimage.fr appartiennent \u00e0 la photographe <strong>\u00a9Val\u00e9rie Hue,\u00a0<\/strong>sauf p<\/span>hoto silhouette VHue \u00a9Paquerette Grange.<span style=\"font-weight: normal;\"><strong><\/strong><\/span><\/p>\n<p><span style=\"font-size: 14px;\">Il n&rsquo;est pas autoris\u00e9 d&rsquo; utiliser, de reproduire, de repr\u00e9senter ou de transf\u00e9rer toute ou partie du site sans en\u00a0<\/span><span style=\"font-size: 14px;\">mentionner l&rsquo;origine e le \u00a9. <\/span><\/p>\n<p><span style=\"font-size: 14px;\">Ou, au plus simple, contacter directement Val\u00e9rie Hue ou Robin Linder\/ Rubrique Contact<\/span><\/p>\n<p>&nbsp;<\/p>\n<p><strong>H\u00e9bergement :<\/strong><\/p>\n<p>L&rsquo;h\u00e9bergeur du site accompanimage.fr est la soci\u00e9t\u00e9 OVH dont le si\u00e8ge social est situ\u00e9 au 2, rue Kellerman- 59100 Roubaix &#8211; Tel 1007<strong><\/strong><\/p>\n<p>&nbsp;<\/p>\n<p>[\/et_pb_text][\/et_pb_column][\/et_pb_row][\/et_pb_section]<\/p>\n","protected":false},"excerpt":{"rendered":"<p>\u00a0\u00a0\u00a0\u00a0 Mentions l\u00e9galesLe site Accompagnimage a \u00e9t\u00e9 cr\u00e9\u00e9 et maintenu par Robin Linder. Liens : Les sites reli\u00e9s directement ou indirectement au site Accompagnimage.fr ne sont pas sous contr\u00f4le. En cons\u00e9quence, nous n\u2019assumons aucune responsabilit\u00e9 quant aux informations publi\u00e9es sur ces sites. Les liens avec des sites ext\u00e9rieurs ne sont fournis qu\u2019\u00e0 titre de commodit\u00e9 [&hellip;]<\/p>\n","protected":false},"author":1,"featured_media":0,"parent":0,"menu_order":0,"comment_status":"closed","ping_status":"closed","template":"","meta":{"_et_pb_use_builder":"on","_et_pb_old_content":"","_et_gb_content_width":"","footnotes":""},"class_list":["post-137","page","type-page","status-publish","hentry"],"_links":{"self":[{"href":"http:\/\/accompagnimage.fr\/index.php?rest_route=\/wp\/v2\/pages\/137","targetHints":{"allow":["GET"]}}],"collection":[{"href":"http:\/\/accompagnimage.fr\/index.php?rest_route=\/wp\/v2\/pages"}],"about":[{"href":"http:\/\/accompagnimage.fr\/index.php?rest_route=\/wp\/v2\/types\/page"}],"author":[{"embeddable":true,"href":"http:\/\/accompagnimage.fr\/index.php?rest_route=\/wp\/v2\/users\/1"}],"replies":[{"embeddable":true,"href":"http:\/\/accompagnimage.fr\/index.php?rest_route=%2Fwp%2Fv2%2Fcomments&post=137"}],"version-history":[{"count":17,"href":"http:\/\/accompagnimage.fr\/index.php?rest_route=\/wp\/v2\/pages\/137\/revisions"}],"predecessor-version":[{"id":856,"href":"http:\/\/accompagnimage.fr\/index.php?rest_route=\/wp\/v2\/pages\/137\/revisions\/856"}],"wp:attachment":[{"href":"http:\/\/accompagnimage.fr\/index.php?rest_route=%2Fwp%2Fv2%2Fmedia&parent=137"}],"curies":[{"name":"wp","href":"https:\/\/api.w.org\/{rel}","templated":true}]}}